{"id":12,"date":"2011-12-08T23:26:49","date_gmt":"2011-12-08T23:26:49","guid":{"rendered":"http:\/\/frau-shanti.de\/?page_id=12"},"modified":"2018-06-13T11:13:22","modified_gmt":"2018-06-13T10:13:22","slug":"angebot","status":"publish","type":"page","link":"https:\/\/www.frau-shanti.de\/?page_id=12","title":{"rendered":"Angebot"},"content":{"rendered":"<h4><\/h4>\n<p>&nbsp;<\/p>\n<h4>Shanti, Santhi oder Shanthi (aus dem Sanskrit\u00a0 \u0161\u00e3ntih) bedeutet<\/h4>\n<p>&nbsp;<\/p>\n<p>Frieden<\/p>\n<p>Gl\u00fcck<\/p>\n<p>Ruhe<\/p>\n<p>Erholung<\/p>\n<p>Gelassenheit<\/p>\n<p>Gem\u00fctsruhe<\/p>\n<p>Stille<\/p>\n<p>Gl\u00fcckseligkeit<\/p>\n<p>&nbsp;<\/p>\n<p>&#8230;und kann durch Yoga, Meditation und Entspannung erlebt und erlernt werden.<\/p>\n<p>FRAU SHANTI begleitet Dich liebevoll und achtsam auf diesem\u00a0 wunderbaren Weg zu Deinem Seelenfrieden.<\/p>\n<p><em>&#8220;Gleichg\u00fcltig, ob man jung, im mittleren oder fortgeschrittenen Alter ist, sogar wenn man krank oder schwach ist &#8211; <\/em><br \/>\n<em>jeder kann mit der Praxis des Yoga beginnen.&#8221; (Hathapradipika 1,64)<\/em><\/p>\n","protected":false},"excerpt":{"rendered":"<p>&nbsp; Shanti, Santhi oder Shanthi (aus dem Sanskrit\u00a0 \u0161\u00e3ntih) bedeutet &nbsp; Frieden Gl\u00fcck Ruhe Erholung Gelassenheit Gem\u00fctsruhe Stille Gl\u00fcckseligkeit &nbsp; &#8230;und kann durch Yoga, Meditation und Entspannung erlebt und erlernt werden. FRAU SHANTI begleitet Dich liebevoll und achtsam auf diesem\u00a0 wunderbaren Weg zu Deinem Seelenfrieden. &#8220;Gleichg\u00fcltig, ob man jung, im mittleren oder fortgeschrittenen Alter ist, sogar wenn man krank oder [&hellip;]<\/p>\n","protected":false},"author":1,"featured_media":0,"parent":0,"menu_order":0,"comment_status":"open","ping_status":"open","template":"template-fullwidth.php","meta":[],"_links":{"self":[{"href":"https:\/\/www.frau-shanti.de\/index.php?rest_route=\/wp\/v2\/pages\/12"}],"collection":[{"href":"https:\/\/www.frau-shanti.de\/index.php?rest_route=\/wp\/v2\/pages"}],"about":[{"href":"https:\/\/www.frau-shanti.de\/index.php?rest_route=\/wp\/v2\/types\/page"}],"author":[{"embeddable":true,"href":"https:\/\/www.frau-shanti.de\/index.php?rest_route=\/wp\/v2\/users\/1"}],"replies":[{"embeddable":true,"href":"https:\/\/www.frau-shanti.de\/index.php?rest_route=%2Fwp%2Fv2%2Fcomments&post=12"}],"version-history":[{"count":10,"href":"https:\/\/www.frau-shanti.de\/index.php?rest_route=\/wp\/v2\/pages\/12\/revisions"}],"predecessor-version":[{"id":2042,"href":"https:\/\/www.frau-shanti.de\/index.php?rest_route=\/wp\/v2\/pages\/12\/revisions\/2042"}],"wp:attachment":[{"href":"https:\/\/www.frau-shanti.de\/index.php?rest_route=%2Fwp%2Fv2%2Fmedia&parent=12"}],"curies":[{"name":"wp","href":"https:\/\/api.w.org\/{rel}","templated":true}]}}