{"id":1456,"date":"2015-04-14T13:35:41","date_gmt":"2015-04-14T12:35:41","guid":{"rendered":"http:\/\/www.frau-shanti.de\/?page_id=1456"},"modified":"2020-06-22T10:05:43","modified_gmt":"2020-06-22T09:05:43","slug":"buch","status":"publish","type":"page","link":"https:\/\/www.frau-shanti.de\/?page_id=1456","title":{"rendered":"Buecher"},"content":{"rendered":"<p><strong><br \/>\nSANFTE SCHLAF-GUT RITUALE mit FRAU SHANTI<\/strong><br \/>\n<span class=\"product--subtitle\">&#8211; \u00dcbungen &amp; Inspirationen f\u00fcr eine erholsame Nacht &#8211;<\/span><\/p>\n<p>Autorin: Nadja Wetter (Frau Shanti)<\/p>\n<p><a href=\"http:\/\/www.frau-shanti.de\/?attachment_id=1956\"><img loading=\"lazy\" class=\"alignnone wp-image-1956 size-medium\" title=\"Achtsamkeit_green\" src=\"http:\/\/www.frau-shanti.de\/wp-content\/uploads\/2018\/03\/Schlaf-gut-Rituale_mit-Frau-Shanti-221x300.png\" alt=\"\" width=\"221\" height=\"300\" \/><\/a><\/p>\n<p>Seit M\u00e4rz 2018 im Handel:<\/p>\n<p>Preis : 18 \u20ac (inkl. MwSt.)<\/p>\n<ul>\n<li><span class=\"product--pages\">128 Seiten , 32 Farbfotos , 26 Zeichnungen <\/span><br \/>\n<span class=\"product--abmessungen\"> 15.5 x 20.5 cm<\/span><strong><span class=\"product--abmessungen\"><br \/>\n<\/span><\/strong><\/li>\n<li class=\"base-info--entry entry-attribute\"><strong class=\"entry--label\"> ISBN: <\/strong> <span class=\"entry--content\"> 978-3-8354-1793-9 <\/span><strong><br \/>\n<a href=\"https:\/\/www.blvverlag.de\/nadja-wetter\/sanfte-schlaf-gut-rituale-mit-frau-shanti.html\" target=\"_blank\" rel=\"noopener noreferrer\">https:\/\/www.blvverlag.de\/nadja-wetter\/sanfte-schlaf-gut-rituale-mit-frau-shanti.html<\/a><\/strong><\/p>\n<p>Das Buch ist &#8211; mit oder ohne Widmung &#8211; direkt bei mir erh\u00e4ltlich unter: <a href=\"mailto:info@frau-shanti.de\">info@frau-shanti.de<\/a><\/li>\n<\/ul>\n<p>________________________<\/p>\n<p><strong>ACHTSAMKEIT &#8211; BEWUSSTE MOMENTE LEBEN<\/strong><\/p>\n<p>Autoren-Team: Nadja Wetter (Frau Shanti) &amp; Karin Furtmeier<\/p>\n<p><a href=\"http:\/\/www.frau-shanti.de\/wp-content\/uploads\/2015\/04\/Achtsamkeit_green.jpg\"><img loading=\"lazy\" class=\"alignnone size-medium wp-image-1885\" title=\"Achtsamkeit_green\" src=\"http:\/\/www.frau-shanti.de\/wp-content\/uploads\/2015\/04\/Achtsamkeit_green-276x300.jpg\" alt=\"\" width=\"276\" height=\"300\" srcset=\"https:\/\/www.frau-shanti.de\/wp-content\/uploads\/2015\/04\/Achtsamkeit_green-276x300.jpg 276w, https:\/\/www.frau-shanti.de\/wp-content\/uploads\/2015\/04\/Achtsamkeit_green.jpg 552w\" sizes=\"(max-width: 276px) 100vw, 276px\" \/><\/a><\/p>\n<p>Ab September 2017 als NEUAUFLAGE in kleinerem Format und mit gleichem Inhalt erschienen:<\/p>\n<p>Preis : 20 \u20ac (inkl. MwSt.)<\/p>\n<ul>\n<li>144 Seiten<br \/>\n119 Farbfotos, 80 Zeichnungen, 23,3 x 25,6 cm<br \/>\n<strong>ISBN: <\/strong>978-3-8354-1700-7<strong><strong><br \/>\n<a href=\"https:\/\/www.blvverlag.de\/nadja-wetter-karin-furtmeier\/achtsamkeit.html\" target=\"_blank\" rel=\"noopener noreferrer\">https:\/\/www.blvverlag.de\/nadja-wetter-karin-furtmeier\/achtsamkeit.html<\/a><\/strong><\/strong><\/p>\n<p>Das Buch ist &#8211; mit oder ohne Widmung &#8211; direkt bei mir erh\u00e4ltlich unter: <a href=\"mailto:info@frau-shanti.de\">info@frau-shanti.de<\/a><\/p>\n<p>_____________________<\/p>\n<p><strong>Die 1. Auflage ist AUSVERKAUFT.<\/strong><\/li>\n<\/ul>\n<p><a href=\"http:\/\/www.frau-shanti.de\/wp-content\/uploads\/2015\/04\/b8e76fe961.jpg\"><img loading=\"lazy\" class=\"alignnone size-full wp-image-1458\" title=\"b8e76fe961\" src=\"http:\/\/www.frau-shanti.de\/wp-content\/uploads\/2015\/04\/b8e76fe961.jpg\" alt=\"\" width=\"261\" height=\"286\" \/><\/a><\/p>\n<p>Der opulente Bildband, der Seite f\u00fcr Seite neue Inspirationen und Eindr\u00fccke bietet. Alles f\u00fcr optimale Entspannung: dem Leben Sinn geben, zu innerer Balance, Erkenntnis und Gelassenheit finden.<\/p>\n<p>Wege der Achtsamkeit: Yoga, Meditation, Atem\u00fcbung, Essen und Trinken, Wellness und Beauty, Philosophie und Spiritualit\u00e4t.<\/p>\n<p>Preis : 49,99 \u20ac (inkl. MwSt.)\u00a0 <strong>AUSVERKAUFT<\/strong><\/p>\n<div>\n<ul>\n<li>144\u00a0Seiten<\/li>\n<li>119\u00a0Farbfotos, 83\u00a0Zeichnungen, 29.8 x 32.6\u00a0cm,<\/li>\n<li>fest gebunden mit Schutzumschlag<\/li>\n<\/ul>\n<\/div>\n","protected":false},"excerpt":{"rendered":"<p>SANFTE SCHLAF-GUT RITUALE mit FRAU SHANTI &#8211; \u00dcbungen &amp; Inspirationen f\u00fcr eine erholsame Nacht &#8211; Autorin: Nadja Wetter (Frau Shanti) Seit M\u00e4rz 2018 im Handel: Preis : 18 \u20ac (inkl. MwSt.) 128 Seiten , 32 Farbfotos , 26 Zeichnungen 15.5 x 20.5 cm ISBN: 978-3-8354-1793-9 https:\/\/www.blvverlag.de\/nadja-wetter\/sanfte-schlaf-gut-rituale-mit-frau-shanti.html Das Buch ist &#8211; mit oder ohne Widmung &#8211; direkt bei mir erh\u00e4ltlich unter: [&hellip;]<\/p>\n","protected":false},"author":1,"featured_media":0,"parent":12,"menu_order":5,"comment_status":"open","ping_status":"open","template":"","meta":[],"_links":{"self":[{"href":"https:\/\/www.frau-shanti.de\/index.php?rest_route=\/wp\/v2\/pages\/1456"}],"collection":[{"href":"https:\/\/www.frau-shanti.de\/index.php?rest_route=\/wp\/v2\/pages"}],"about":[{"href":"https:\/\/www.frau-shanti.de\/index.php?rest_route=\/wp\/v2\/types\/page"}],"author":[{"embeddable":true,"href":"https:\/\/www.frau-shanti.de\/index.php?rest_route=\/wp\/v2\/users\/1"}],"replies":[{"embeddable":true,"href":"https:\/\/www.frau-shanti.de\/index.php?rest_route=%2Fwp%2Fv2%2Fcomments&post=1456"}],"version-history":[{"count":14,"href":"https:\/\/www.frau-shanti.de\/index.php?rest_route=\/wp\/v2\/pages\/1456\/revisions"}],"predecessor-version":[{"id":2406,"href":"https:\/\/www.frau-shanti.de\/index.php?rest_route=\/wp\/v2\/pages\/1456\/revisions\/2406"}],"up":[{"embeddable":true,"href":"https:\/\/www.frau-shanti.de\/index.php?rest_route=\/wp\/v2\/pages\/12"}],"wp:attachment":[{"href":"https:\/\/www.frau-shanti.de\/index.php?rest_route=%2Fwp%2Fv2%2Fmedia&parent=1456"}],"curies":[{"name":"wp","href":"https:\/\/api.w.org\/{rel}","templated":true}]}}