{"id":17,"date":"2011-12-08T23:36:59","date_gmt":"2011-12-08T23:36:59","guid":{"rendered":"http:\/\/frau-shanti.de\/?page_id=17"},"modified":"2026-01-23T12:21:23","modified_gmt":"2026-01-23T11:21:23","slug":"blog","status":"publish","type":"page","link":"https:\/\/www.frau-shanti.de\/?page_id=17","title":{"rendered":"Yoga-Reise"},"content":{"rendered":"<div data-ft=\"{&quot;tn&quot;:&quot;K&quot;}\">\n<div id=\"event_header_info\">\n<div id=\"event_header_info\">\n<div data-ft=\"{&quot;tn&quot;:&quot;K&quot;}\">\n<div id=\"event_header_info\">\n<div id=\"event_header_info\">\n<div data-ft=\"{&quot;tn&quot;:&quot;K&quot;}\">\n<div id=\"event_header_info\">\n<div id=\"event_header_info\">\n<div data-ft=\"{&quot;tn&quot;:&quot;K&quot;}\">\n<div id=\"event_header_info\">\n<h1><span style=\"color: #ff00ff;\"><strong>Yoga-Reisen <\/strong>2026<\/span><\/h1>\n<div id=\"event_header_info\">\n<div>\n<div>\n<div data-ft=\"{&quot;tn&quot;:&quot;K&quot;}\">\n<div id=\"event_header_info\">\n<div>\n<div>\n<div>\n<div id=\"event_header_info\">\n<div>\n<div>\n<div data-ft=\"{&quot;tn&quot;:&quot;K&quot;}\">\n<div id=\"event_header_info\">\n<div>\n<div>\n<div>\n<div>\n<h4><a dir=\"ltr\">S\u00fcdtirol-<br \/>Yoga-Tage im <\/a><a href=\"http:\/\/www.schoenblick.com\/de\/hotel-schoenblick\/willkommen.html\" target=\"_blank\" rel=\"noopener noreferrer\">Hotel Sch\u00f6nblick:<\/a><\/h4>\n<\/div>\n<\/div>\n<\/div>\n<\/div>\n<\/div>\n<\/div>\n<\/div>\n<\/div>\n<\/div>\n<\/div>\n<\/div>\n<\/div>\n<\/div>\n<\/div>\n<\/div>\n<\/div>\n<\/div>\n<p>Durch Yoga, Meditation &amp; Entspannung k\u00f6nnen Sie behutsam in die Stille und zu Ihrem eigenen innerlichen Kraftort gef\u00fchrt werden. Erleben Sie gemeinsam mit Nadja Sch\u00e4fholz-Wetter eine spannende Reise zu einem Leben voller Leichtigkeit, innerem Frieden und Freude.<\/p>\n<p>\u00a0<\/p>\n<p class=\"p1\"><span class=\"s1\">26.- 29. M\u00e4rz 2026<\/span><\/p>\n<p class=\"p1\"><span class=\"s1\">21.- 24. Mai 2026<\/span><\/p>\n<p class=\"p1\"><span class=\"s1\">22.- 25. Oktober 2026<\/span><\/p>\n<p><strong><a href=\"https:\/\/www.frau-shanti.de\/wp-content\/uploads\/2024\/02\/Bildschirmfoto-2024-02-16-um-14.15.41.png\"><img loading=\"lazy\" class=\"alignnone wp-image-3448 size-large\" src=\"https:\/\/www.frau-shanti.de\/wp-content\/uploads\/2024\/02\/Bildschirmfoto-2024-02-16-um-14.15.41-1024x440.png\" alt=\"\" width=\"590\" height=\"254\" srcset=\"https:\/\/www.frau-shanti.de\/wp-content\/uploads\/2024\/02\/Bildschirmfoto-2024-02-16-um-14.15.41-1024x440.png 1024w, https:\/\/www.frau-shanti.de\/wp-content\/uploads\/2024\/02\/Bildschirmfoto-2024-02-16-um-14.15.41-300x129.png 300w, https:\/\/www.frau-shanti.de\/wp-content\/uploads\/2024\/02\/Bildschirmfoto-2024-02-16-um-14.15.41-768x330.png 768w, https:\/\/www.frau-shanti.de\/wp-content\/uploads\/2024\/02\/Bildschirmfoto-2024-02-16-um-14.15.41-1536x659.png 1536w, https:\/\/www.frau-shanti.de\/wp-content\/uploads\/2024\/02\/Bildschirmfoto-2024-02-16-um-14.15.41-2048x879.png 2048w\" sizes=\"(max-width: 590px) 100vw, 590px\" \/><\/a><\/strong><\/p>\n<ul>\n<li><strong>4-t\u00e4giges Yogareteat <\/strong>mit t\u00e4glichen Yoga-Einheiten in der Gruppe, in- und outdoor auf den <strong>Yoga-Plattformen mit Panoramablick und im NEUEN Yogahaus<br \/><\/strong><\/li>\n<li><strong>Atem- und Achtsamkeits\u00fcbungen sowie Meditation und Stille<br \/><\/strong><\/li>\n<li><strong>3\u20444 Verw\u00f6hnpension <\/strong>mit Schlemmerfr\u00fchst\u00fcck sowie 5- Gang- Wahlmen\u00fc am Abend mit reichhaltigem Salatbuffet<\/li>\n<li><strong>Wanderung<\/strong> zur Alm H\u00fctte &#8220;Josef&#8217;s Ruh&#8221; und Natur-Ritual<\/li>\n<li><strong>Klang-Entspannung<\/strong> im Wasserbettenraum<\/li>\n<li>Entspannen im Sch\u00f6nblick\u00b4s magischem Zauberwald &#8211; Nutzung der gesamten Wellnessanlage<\/li>\n<li><strong>ZUS\u00c4TZLICHES ANGEBOT<\/strong> am Verl\u00e4ngerungstag: Personal Yoga oder Spirituelles Coaching gegen Aufpreis<\/li>\n<\/ul>\n<p>Seminarleitung:<br \/>Nadja Sch\u00e4fholz-Wetter aka Frau Shanti, \u00e4rztlich gepr\u00fcfte Yogalehrerin, Entspannungstrainerin, schamanisch Praktizierende, Buch-Autorin und Ayurveda Health Practicioner. Langj\u00e4hrige Unterrichts-Erfahrung seit \u00fcber 15 Jahren.\u00a0<\/p>\n<p>ab \u20ac 707 3 N\u00e4chte\/Pers. inklusive Yoga-Seminar-Paket<\/p>\n<h4>Buchung &amp; Anfragen direkt \u00fcber das Hotel: <a class=\"rABsFf RffVmb AL18ce\" href=\"mailto:info@schoenblick.com\" target=\"_blank\" rel=\"noopener\" data-tooltip-position=\"top\" data-tooltip=\"Aus meinen Google-Kontakten\">info@schoenblick.com<\/a><\/h4>\n<h4>Ablauf: <a href=\"https:\/\/www.frau-shanti.de\/wp-content\/uploads\/2021\/10\/Programm_Hotel-Schoenblick_00.pdf\">Programm_Hotel Schoenblick_00<\/a><\/h4>\n<div>\n<div>\n<div>\n<p><strong>Weitere Infos zum Seminarinhalt unter info@frau-shanti.de oder 0170.9666416<\/strong><\/p>\n<\/div>\n<\/div>\n<\/div>\n<\/div>\n<\/div>\n<\/div>\n<\/div>\n<\/div>\n<\/div>\n<\/div>\n<\/div>\n<\/div>\n<\/div>\n<\/div>\n\n\n<p>__________________________________________<\/p>\n\n\n\n<p><\/p>\n\n\n\n<h4><a>Norderney &#8211; <\/a><a>Yoga-Auszeit am Meer<\/a><\/h4>\n\n\n\n<p><\/p>\n\n\n\n<p>Eine besondere Yogazeit am Wattenmeer, dem UNESCO Weltkulturerbe an der Nordsee.<br>Mit allen Sinnen geniessen: dem Meeresrauschen lauschen. Sonne &amp; Wind auf der Haut sp\u00fcren.<br>Die gute Seeluft schmecken und den M\u00f6wen beim Flug zusehen-<br>diess alles erlebst du im nat\u00fcrlichen Reizklima an der K\u00fcste Norderney&#8217;s.<\/p>\n\n\n\n<p>Wir bewegen uns am Meer, praktizieren Yoga im gem\u00fctlichen Seminarhaus<br>und erleben Gemeinschaft pur. F\u00fcr R\u00fcckzug und Besinnlichkeit ist ebenfalls gen\u00fcgend Zeit und Raum gegeben.<\/p>\n\n\n\n<figure class=\"wp-block-image is-style-default\"><a href=\"https:\/\/www.frau-shanti.de\/wp-content\/uploads\/2024\/11\/IMG_7749.jpg\"><img loading=\"lazy\" width=\"640\" height=\"480\" src=\"https:\/\/www.frau-shanti.de\/wp-content\/uploads\/2024\/11\/IMG_7749.jpg\" alt=\"\" class=\"wp-image-3604\" srcset=\"https:\/\/www.frau-shanti.de\/wp-content\/uploads\/2024\/11\/IMG_7749.jpg 640w, https:\/\/www.frau-shanti.de\/wp-content\/uploads\/2024\/11\/IMG_7749-300x225.jpg 300w\" sizes=\"(max-width: 640px) 100vw, 640px\" \/><\/a><\/figure>\n\n\n\n<p><strong><br>8.-13. M\u00e4rz 2026<\/strong><\/p>\n\n\n\n<p><strong>31.Mai &#8211; 6. Juni 2026\u00a0<\/strong> &#8211; AUSGEBUCHT &#8211; lass dich auf die Warteliste setzen<\/p>\n\n\n\n<p><strong>6.Juni &#8211; 12. Juni 2026<\/strong> &#8211; AUSGEBUCHT &#8211; lass dich auf die Warteliste setzen<\/p>\n\n\n\n<p><strong>31.Oktober &#8211; 3. November 2026&nbsp;<\/strong><\/p>\n\n\n\n<p><strong>3.November &#8211; 8.November 2026&nbsp;<\/strong><\/p>\n\n\n\n<h3><br><br>im Caritas G\u00e4sethaus <a href=\"https:\/\/www.caritas-norderney.de\/gaestehaus-friesenhof\">Friesenhof<\/a><\/h3>\n\n\n\n<p><\/p>\n\n\n\n<p>Beispiel Seminartag:<\/p>\n\n\n\n<p>7:15- 8:00 Uhr Wake-up Yoga oder Morgen-Impuls mit Stille<br>8:00- 9:00 Uhr Fr\u00fchst\u00fcck<br>Spaziergang am Meer oder Zeit zur freien Verf\u00fcgung<br>um 12.15 Uhr Mittagessen<br>14:00 Uhr Achtsamkeit &amp; Spaziergang am Meer, Yoga-Philosophie oder Yin-Yoga<br>um 18:00 Uhr Abendessen<br>19:15-20:00 Uhr Meditation, Yoga Nidra oder Mantra-Singen<\/p>\n\n\n\n<p><em>Bitte beachten:<\/em> es sind keinerlei Vorkenntnisse n\u00f6tig. Jede\/r ist herzlich willkommen<br>und praktiziert entsprechend seiner Gesundheit und seinem K\u00f6rpergef\u00fchl.<br>Die Yogaeinheiten basieren auf der Freude an Selbsterfahrung und der achtsamen Begegnung mit sich selbst und Gleichgesinnten. Ein wertsch\u00e4tzender, liebevoller und sicherer Raum wird w\u00e4hrend des Retreats f\u00fcr dich gehalten.<\/p>\n\n\n\n<p>Am Anreisetag starten wir um 17 Uhr mit einer Kennenlern-Runde &amp; Meditation.<br>Das Retreat endet am Abreisetag nach dem Fr\u00fchst\u00fcck mit einer Verabschiedung um 10 Uhr (Dauer ca 30 Minuten).<br>Ein Lunchpaket f\u00fcr die Heim-Fahrt ist m\u00f6glich. F\u00e4hren starten z.B. um 13.15 Uhr.<\/p>\n\n\n\n<p>Weitere Infos:<\/p>\n\n\n\n<p><a href=\"https:\/\/caritas-norderney.de\/termin\/yoga-auszeit-am-meer-2\/\">https:\/\/caritas-norderney.de\/termin\/yoga-auszeit-am-meer-2\/<\/a><br><strong>Die angegeben Preise sind inklusive Vollpension und Unterbringung im Appartement zur Einzelnutzung.<\/strong><\/p>\n\n\n\n<p>Buchung unter <a href=\"mailto:friesenhof@caritas-norderney.de\">friesenhof@caritas-norderney.de<\/a><br>oder telefonisch unter 04932 9341-0<\/p>\n\n\n\n<p>Seminarleitung:<br>Nadja Sch\u00e4fholz-Wetter aka Frau Shanti, \u00e4rztlich gepr\u00fcfte Yogalehrerin, Entspannungstrainerin, schamanisch Praktizierende, Buch-Autorin und Ayurveda Health Practicioner. Langj\u00e4hrige Unterrichts-Erfahrung seit \u00fcber 13 Jahren. Frau Shanti leitet ein Yogastudio nahe Freiburg.<\/p>\n\n\n\n<p><strong>Weitere Infos zum Seminarinhalt unter info@frau-shanti.de oder 0170.9666416<\/strong><\/p>\n\n\n\n<p>**************************************************************************************************************<\/p>\n","protected":false},"excerpt":{"rendered":"<p>Yoga-Reisen 2026 S\u00fcdtirol-Yoga-Tage im Hotel Sch\u00f6nblick: Durch Yoga, Meditation &amp; Entspannung k\u00f6nnen Sie behutsam in die Stille und zu Ihrem eigenen innerlichen Kraftort gef\u00fchrt werden. Erleben Sie gemeinsam mit Nadja Sch\u00e4fholz-Wetter eine spannende Reise zu einem Leben voller Leichtigkeit, innerem Frieden und Freude. \u00a0 26.- 29. M\u00e4rz 2026 21.- 24. Mai 2026 22.- 25. Oktober 2026 4-t\u00e4giges Yogareteat mit t\u00e4glichen [&hellip;]<\/p>\n","protected":false},"author":1,"featured_media":0,"parent":0,"menu_order":3,"comment_status":"open","ping_status":"open","template":"","meta":[],"_links":{"self":[{"href":"https:\/\/www.frau-shanti.de\/index.php?rest_route=\/wp\/v2\/pages\/17"}],"collection":[{"href":"https:\/\/www.frau-shanti.de\/index.php?rest_route=\/wp\/v2\/pages"}],"about":[{"href":"https:\/\/www.frau-shanti.de\/index.php?rest_route=\/wp\/v2\/types\/page"}],"author":[{"embeddable":true,"href":"https:\/\/www.frau-shanti.de\/index.php?rest_route=\/wp\/v2\/users\/1"}],"replies":[{"embeddable":true,"href":"https:\/\/www.frau-shanti.de\/index.php?rest_route=%2Fwp%2Fv2%2Fcomments&post=17"}],"version-history":[{"count":224,"href":"https:\/\/www.frau-shanti.de\/index.php?rest_route=\/wp\/v2\/pages\/17\/revisions"}],"predecessor-version":[{"id":3777,"href":"https:\/\/www.frau-shanti.de\/index.php?rest_route=\/wp\/v2\/pages\/17\/revisions\/3777"}],"wp:attachment":[{"href":"https:\/\/www.frau-shanti.de\/index.php?rest_route=%2Fwp%2Fv2%2Fmedia&parent=17"}],"curies":[{"name":"wp","href":"https:\/\/api.w.org\/{rel}","templated":true}]}}