{"id":2271,"date":"2019-10-22T15:06:15","date_gmt":"2019-10-22T14:06:15","guid":{"rendered":"https:\/\/www.frau-shanti.de\/?page_id=2271"},"modified":"2024-04-23T20:30:07","modified_gmt":"2024-04-23T19:30:07","slug":"schamanische-begleitung","status":"publish","type":"page","link":"https:\/\/www.frau-shanti.de\/?page_id=2271","title":{"rendered":"Energiearbeit"},"content":{"rendered":"\n<p><strong>Schamanische Begleitung <\/strong>\/ Trommelreise \/ Krafttier-Reise<br><br>Die schamanische Arbeit ist eine uralte, weltweit verbreitete spirituelle Praxis und Lebensweisheit. <br>Sie  kann in der heutigen eher hektischen Zeit als gro\u00dfe Unterst\u00fctzung  dienen und uns bei k\u00f6rperlichen sowie seelischen Beschwerden helfen, das  eigene Potential zu erkennen und zu leben. <br>Gerade in Umbruchzeiten  oder immer wiederkehrenden Thematiken kann eine liebevolle und achtsame  Hinwendung uns auf dem pers\u00f6nlichen Lebensweg unterst\u00fctzen und L\u00f6sungen  anbieten.<br><br>Verschiedene schamanische Techniken und Rituale (wie  z.B. Krafttier-Reise, Seelenr\u00fcckholungen, Ahnenarbeit, R\u00e4uchern etc.)  dienen dazu wieder mehr Harmonie, Lebensfreude und Energie erfahren zu  k\u00f6nnen. <br><br>Unterst\u00fctzt von der geistigen Welt freue ich mich mit  dir auf diese gef\u00fchrte Reise zu gehen und in entspannter Atmosph\u00e4re und  voller Vertrauen in die Naturgesetze wirken zu d\u00fcrfen.<br><\/p>\n\n\n\n<p>Per Zoom oder bei Frau Shanti in Merdingen bei Freiburg.<\/p>\n\n\n\n<p>60 Minuten: 100,-\u20ac<br>Eine Session dauert ca. 1,5-2 Stunden.<\/p>\n\n\n\n<p>Terminvereinbarung oder Gutscheine unter <a href=\"mailto:info@frau-shanti.de\" target=\"_blank\" rel=\"noreferrer noopener\"> info@frau-shanti.de<\/a><\/p>\n\n\n\n<p><br>Die Honorare sind g\u00fcltig bei Terminen in Merdingen.<br>Au\u00dferhalb von Merdingen gelten die Preise zzgl. einer Anfahrtspauschale.<br><br>BEACHTE: Die Schamanische Begleitung ersetzt keinen Arzt oder Heilpraktiker. <\/p>\n","protected":false},"excerpt":{"rendered":"<p>Schamanische Begleitung \/ Trommelreise \/ Krafttier-Reise Die schamanische Arbeit ist eine uralte, weltweit verbreitete spirituelle Praxis und Lebensweisheit. Sie kann in der heutigen eher hektischen Zeit als gro\u00dfe Unterst\u00fctzung dienen und uns bei k\u00f6rperlichen sowie seelischen Beschwerden helfen, das eigene Potential zu erkennen und zu leben. Gerade in Umbruchzeiten oder immer wiederkehrenden Thematiken kann eine liebevolle und achtsame Hinwendung uns [&hellip;]<\/p>\n","protected":false},"author":1,"featured_media":0,"parent":12,"menu_order":5,"comment_status":"closed","ping_status":"closed","template":"","meta":[],"_links":{"self":[{"href":"https:\/\/www.frau-shanti.de\/index.php?rest_route=\/wp\/v2\/pages\/2271"}],"collection":[{"href":"https:\/\/www.frau-shanti.de\/index.php?rest_route=\/wp\/v2\/pages"}],"about":[{"href":"https:\/\/www.frau-shanti.de\/index.php?rest_route=\/wp\/v2\/types\/page"}],"author":[{"embeddable":true,"href":"https:\/\/www.frau-shanti.de\/index.php?rest_route=\/wp\/v2\/users\/1"}],"replies":[{"embeddable":true,"href":"https:\/\/www.frau-shanti.de\/index.php?rest_route=%2Fwp%2Fv2%2Fcomments&post=2271"}],"version-history":[{"count":11,"href":"https:\/\/www.frau-shanti.de\/index.php?rest_route=\/wp\/v2\/pages\/2271\/revisions"}],"predecessor-version":[{"id":3490,"href":"https:\/\/www.frau-shanti.de\/index.php?rest_route=\/wp\/v2\/pages\/2271\/revisions\/3490"}],"up":[{"embeddable":true,"href":"https:\/\/www.frau-shanti.de\/index.php?rest_route=\/wp\/v2\/pages\/12"}],"wp:attachment":[{"href":"https:\/\/www.frau-shanti.de\/index.php?rest_route=%2Fwp%2Fv2%2Fmedia&parent=2271"}],"curies":[{"name":"wp","href":"https:\/\/api.w.org\/{rel}","templated":true}]}}