{"id":2451,"date":"2020-08-31T07:50:57","date_gmt":"2020-08-31T06:50:57","guid":{"rendered":"https:\/\/www.frau-shanti.de\/?page_id=2451"},"modified":"2025-12-21T12:00:16","modified_gmt":"2025-12-21T11:00:16","slug":"events-seminare","status":"publish","type":"page","link":"https:\/\/www.frau-shanti.de\/?page_id=2451","title":{"rendered":"EVENTS &#038; SEMINARE"},"content":{"rendered":"\n<p><strong><span style=\"color:#e334f0\" class=\"has-inline-color\">BewusstSeinsRaum zur Wintersonnenwend<\/span><span style=\"color:#df34e4\" class=\"has-inline-color\">e.<\/span><\/strong><\/p>\n\n\n\n<p>Sonntag <strong>21. Dezember von 16-18 Uhr <\/strong><\/p>\n\n\n\n<p>mit Nadja live online via Zoom (inkl. Aufzeichnung)<\/p>\n\n\n\n<p>Am 21. Dezember um 16.03 Uhr zelebrieren wir die Wintersonnenwende auf der Nordhalbkugel.<br>Wir ehren eine Phase der ruhigen, bewussten Umstrukturierung.<\/p>\n\n\n\n<p>Wir nutzen diese kosmische Kraft, um bewusst und freudvoll im kommenden Jahr ein brandneues Kapitel voller pr\u00e4ziser Ausrichtung zu beginnen.<\/p>\n\n\n\n<p>Dieser Nachmittag bietet dir Wissen zur Wintersonnenwende, zur Frequenz der neuen Zeit<br>sowie Informationen zu den Rauhn\u00e4chten.<\/p>\n\n\n\n<p>Du erf\u00e4hrst warum ein bewusste Ende von 2025 so wertvoll f\u00fcr ein gl\u00fcckliches 2026 ist.<\/p>\n\n\n\n<p>Eine Meditation sowie somatische \u00dcbungen f\u00fcr die Regulation des Nervensystems runden den gemeinsamen Nachmittag ab.<\/p>\n\n\n\n<p>Jede\/r ist herzlich willkommen. Was z\u00e4hlt ist deine Offenheit.<\/p>\n\n\n\n<p><br>Ausgleich: 30 \u20ac regul\u00e4r, 25 \u20ac Early-Bird bis 14.12.25<\/p>\n\n\n\n<p>Anmeldung: info@frau-shanti.de oder 0170.9666416<\/p>\n\n\n\n<figure class=\"wp-block-image size-large is-resized is-style-default\"><a href=\"https:\/\/www.frau-shanti.de\/wp-content\/uploads\/2024\/08\/Ayurveda-Info.jpg\"><img loading=\"lazy\" src=\"https:\/\/www.frau-shanti.de\/wp-content\/uploads\/2024\/08\/Ayurveda-Info-724x1024.jpg\" alt=\"\" class=\"wp-image-3540\" width=\"543\" height=\"768\" srcset=\"https:\/\/www.frau-shanti.de\/wp-content\/uploads\/2024\/08\/Ayurveda-Info-724x1024.jpg 724w, https:\/\/www.frau-shanti.de\/wp-content\/uploads\/2024\/08\/Ayurveda-Info-212x300.jpg 212w, https:\/\/www.frau-shanti.de\/wp-content\/uploads\/2024\/08\/Ayurveda-Info-768x1086.jpg 768w, https:\/\/www.frau-shanti.de\/wp-content\/uploads\/2024\/08\/Ayurveda-Info-1086x1536.jpg 1086w, https:\/\/www.frau-shanti.de\/wp-content\/uploads\/2024\/08\/Ayurveda-Info.jpg 1414w\" sizes=\"(max-width: 543px) 100vw, 543px\" \/><\/a><\/figure>\n\n\n\n<p><\/p>\n\n\n\n<p><\/p>\n","protected":false},"excerpt":{"rendered":"<p>BewusstSeinsRaum zur Wintersonnenwende. Sonntag 21. Dezember von 16-18 Uhr mit Nadja live online via Zoom (inkl. Aufzeichnung) Am 21. Dezember um 16.03 Uhr zelebrieren wir die Wintersonnenwende auf der Nordhalbkugel.Wir ehren eine Phase der ruhigen, bewussten Umstrukturierung. Wir nutzen diese kosmische Kraft, um bewusst und freudvoll im kommenden Jahr ein brandneues Kapitel voller pr\u00e4ziser Ausrichtung zu beginnen. Dieser Nachmittag bietet [&hellip;]<\/p>\n","protected":false},"author":1,"featured_media":0,"parent":977,"menu_order":1,"comment_status":"closed","ping_status":"closed","template":"","meta":[],"_links":{"self":[{"href":"https:\/\/www.frau-shanti.de\/index.php?rest_route=\/wp\/v2\/pages\/2451"}],"collection":[{"href":"https:\/\/www.frau-shanti.de\/index.php?rest_route=\/wp\/v2\/pages"}],"about":[{"href":"https:\/\/www.frau-shanti.de\/index.php?rest_route=\/wp\/v2\/types\/page"}],"author":[{"embeddable":true,"href":"https:\/\/www.frau-shanti.de\/index.php?rest_route=\/wp\/v2\/users\/1"}],"replies":[{"embeddable":true,"href":"https:\/\/www.frau-shanti.de\/index.php?rest_route=%2Fwp%2Fv2%2Fcomments&post=2451"}],"version-history":[{"count":173,"href":"https:\/\/www.frau-shanti.de\/index.php?rest_route=\/wp\/v2\/pages\/2451\/revisions"}],"predecessor-version":[{"id":3771,"href":"https:\/\/www.frau-shanti.de\/index.php?rest_route=\/wp\/v2\/pages\/2451\/revisions\/3771"}],"up":[{"embeddable":true,"href":"https:\/\/www.frau-shanti.de\/index.php?rest_route=\/wp\/v2\/pages\/977"}],"wp:attachment":[{"href":"https:\/\/www.frau-shanti.de\/index.php?rest_route=%2Fwp%2Fv2%2Fmedia&parent=2451"}],"curies":[{"name":"wp","href":"https:\/\/api.w.org\/{rel}","templated":true}]}}