{"id":31,"date":"2012-01-01T19:10:47","date_gmt":"2012-01-01T18:10:47","guid":{"rendered":"http:\/\/frau-shanti.de\/?page_id=31"},"modified":"2024-05-28T16:49:58","modified_gmt":"2024-05-28T15:49:58","slug":"uber-frau-shanti","status":"publish","type":"page","link":"https:\/\/www.frau-shanti.de\/?page_id=31","title":{"rendered":"Frau Shanti"},"content":{"rendered":"<p><strong>Wer ist Frau Shanti? <a href=\"http:\/\/www.frau-shanti.de\/wp-content\/uploads\/2012\/01\/portrait_retuschiert_kleiner.png\"><img loading=\"lazy\" class=\"alignright size-medium wp-image-1254\" title=\"portrait_retuschiert_kleiner\" src=\"http:\/\/www.frau-shanti.de\/wp-content\/uploads\/2012\/01\/portrait_retuschiert_kleiner-227x300.png\" alt=\"\" width=\"227\" height=\"300\" srcset=\"https:\/\/www.frau-shanti.de\/wp-content\/uploads\/2012\/01\/portrait_retuschiert_kleiner-227x300.png 227w, https:\/\/www.frau-shanti.de\/wp-content\/uploads\/2012\/01\/portrait_retuschiert_kleiner.png 629w\" sizes=\"(max-width: 227px) 100vw, 227px\" \/><\/a><\/strong><\/p>\n<p>Hinter FRAU SHANTI steckt Nadja Sch\u00e4fholz-Wetter, die in den 16 Jahren in M\u00fcnchen die Liebe zum Yoga entdeckt hat. Ausgebildet als Fotografin und Fotoredakteurin\/Produzentin lebt sie nun als selbst\u00e4ndige Yogalehrerin, Buchautorin und Energiearbeiterin wieder in ihrem s\u00fcdbadischen Heimatdorf Merdingen.<\/p>\n<p>Begonnen hat ihre Freude an der Bewegung und dem t\u00e4nzerischen Ausdruck mit dem Leistungssport Rhythmische Sportgymnastik und Ballett, gefolgt von Jazz-Dance und Showtanz, sowie den \u00fcblichen Power-Kursen in Fitness-Studios.<\/p>\n<p>Stets war sie gewohnt ihrem K\u00f6rper H\u00f6chstleistungen in Sport und Beruf abzufordern und dieser reagierte auch prompt mit k\u00f6rperlichen Beschwerden, einer chronischen Erkrankung und schlussendlich einem Burnout.<\/p>\n<p>Diese Grenzerfahrung hat ihr die Wirkung der Tiefenentspannungstechniken n\u00e4her gebracht und sie hat die positiven Auswirkungen von Atem\u00fcbungen und Meditation erfahren d\u00fcrfen.<\/p>\n<p>Yoga vollendete quasi diese Suche nach Erholung, dem Wunsch nach \u201ein-sich-Ruhen\u201c und dem Gl\u00fccksgef\u00fchl von Frieden mit und in sich selbst. Das ist ein Hochgef\u00fchl und ein sehr n\u00fctzliches Werkzeug, welches wirklich jede Person erlernen bzw. reaktivieren kann.<\/p>\n<p>\u201eMir ist es ein Herzens-Bed\u00fcrfnis Dir diese M\u00f6glichkeiten aufzuzeigen und Dich behutsam in die Stille und zu Deinem eigenen innerlichen Kraftort und Deinem urspr\u00fcnglichen Wesen \u2013jenseits der Gesellschaftsordnungen- zu f\u00fchren. Jede Person, unabh\u00e4ngig von Alter, Geschlecht, Religion oder \u00c4u\u00dferlichkeiten, wird von mir behutsam und mit viel Liebe und Hingabe auf diesen Pfad des Friedens gef\u00fchrt\u201c, sagt Nadja Sch\u00e4fholz-Wetter.<\/p>\n<p>FRAU SHANTI freut sich auf Dich!<\/p>\n","protected":false},"excerpt":{"rendered":"<p>Wer ist Frau Shanti? Hinter FRAU SHANTI steckt Nadja Sch\u00e4fholz-Wetter, die in den 16 Jahren in M\u00fcnchen die Liebe zum Yoga entdeckt hat. Ausgebildet als Fotografin und Fotoredakteurin\/Produzentin lebt sie nun als selbst\u00e4ndige Yogalehrerin, Buchautorin und Energiearbeiterin wieder in ihrem s\u00fcdbadischen Heimatdorf Merdingen. Begonnen hat ihre Freude an der Bewegung und dem t\u00e4nzerischen Ausdruck mit dem Leistungssport Rhythmische Sportgymnastik und [&hellip;]<\/p>\n","protected":false},"author":1,"featured_media":0,"parent":0,"menu_order":59,"comment_status":"closed","ping_status":"closed","template":"","meta":[],"_links":{"self":[{"href":"https:\/\/www.frau-shanti.de\/index.php?rest_route=\/wp\/v2\/pages\/31"}],"collection":[{"href":"https:\/\/www.frau-shanti.de\/index.php?rest_route=\/wp\/v2\/pages"}],"about":[{"href":"https:\/\/www.frau-shanti.de\/index.php?rest_route=\/wp\/v2\/types\/page"}],"author":[{"embeddable":true,"href":"https:\/\/www.frau-shanti.de\/index.php?rest_route=\/wp\/v2\/users\/1"}],"replies":[{"embeddable":true,"href":"https:\/\/www.frau-shanti.de\/index.php?rest_route=%2Fwp%2Fv2%2Fcomments&post=31"}],"version-history":[{"count":19,"href":"https:\/\/www.frau-shanti.de\/index.php?rest_route=\/wp\/v2\/pages\/31\/revisions"}],"predecessor-version":[{"id":3324,"href":"https:\/\/www.frau-shanti.de\/index.php?rest_route=\/wp\/v2\/pages\/31\/revisions\/3324"}],"wp:attachment":[{"href":"https:\/\/www.frau-shanti.de\/index.php?rest_route=%2Fwp%2Fv2%2Fmedia&parent=31"}],"curies":[{"name":"wp","href":"https:\/\/api.w.org\/{rel}","templated":true}]}}