{"id":902,"date":"2013-04-19T12:44:59","date_gmt":"2013-04-19T11:44:59","guid":{"rendered":"http:\/\/www.frau-shanti.de\/?page_id=902"},"modified":"2024-04-23T20:32:46","modified_gmt":"2024-04-23T19:32:46","slug":"yogi-stimmen","status":"publish","type":"page","link":"https:\/\/www.frau-shanti.de\/?page_id=902","title":{"rendered":"Yogi-Stimmen"},"content":{"rendered":"<p>Was Yoga-Teilnehmer\/innen \u00fcber Frau Shanti sagen:<\/p>\n<blockquote>\n<div><em>&#8220;Frau Shanti, Du bist mein Engel.<\/em><br \/>\n<em>&nbsp;Du schafft es, Angst und Stress gegen innere Ruhe und Zuversicht zu tauschen.&#8221;<\/em><\/div>\n<div><em><em><em>Anonym<\/em><\/em><\/em><em><em><br \/>\n<\/em><\/em><\/div>\n<\/blockquote>\n<div>\n<blockquote>\n<div>&#8220;Ist der Tag noch so stressig, nach einer Yoga- Stunde bei Dir f\u00fchle ich mich l\u00e4ssig.<\/div>\n<div>Jede Stunde ist eine Wohltat f\u00fcr K\u00f6rper, Geist und Seele.&#8221;<br \/>\nMarc, 33, M\u00fcnchen<\/div>\n<\/blockquote>\n<\/div>\n<blockquote>\n<div><em>&#8221; Der Unterricht ist die perfekte Mischung aus Meditation, K\u00f6rper\u00fcbungen und Entspannung. <\/em><br \/>\n<em>Und das Ganze macht auch noch verdammt viel Spa\u00df.<\/em><br \/>\n<em> Mich spricht die Person FRAU SHANTI sehr an und ihre Art Yoga zu vermitteln.<\/em><br \/>\n<em> Vorher dem Unterricht bin ich meistens viel zu m\u00fcde f\u00fcr Yoga.<br \/>\nDanach f\u00fchle ich mich einfach nur gut.<\/em><br \/>\n<em> Zudem achte ich seither mehr auf meine Haltung und meinen &#8220;inneren Frieden&#8221;<br \/>\nWas nat\u00fcrlich nicht immer gelingt, aber immer \u00f6fter.<\/em><br \/>\n<em>Frau Shanti, Du yogilierst mit Liebe, Herz und Humor.&#8221;<\/em><br \/>\n<em><em>Anne, 34, M\u00fcnchen<\/em><\/em><\/div>\n<\/blockquote>\n<blockquote>\n<div>&#8220;Liebe Nadja,<br \/>\nan Deinem Yoga gef\u00e4llt mir am Besten, dass Du f\u00fcr jeden die passenden \u00dcbungen machst.<br \/>\nIch f\u00fchle mich jedes Mal frei nach Deinem Yoga &#8211;<br \/>\nund das kann nun wirklich nicht jeder.&#8221;<br \/>\nSibylle, Merdingen<\/div>\n<\/blockquote>\n<blockquote>\n<div><em> &#8220;Liebe Frau Shanti, you made my day. DANKE f\u00fcr die Asanas und Deine gute Energie.<br \/>\nFreue mich aufs n\u00e4chste Mal.&#8221;<br \/>\nBettina, Freiburg<\/em><\/div>\n<\/blockquote>\n<blockquote>\n<div>&#8220;best yoga in town. ihne OM und kopfstand.&#8221;<br \/>\nSandra, M\u00fcnchen<\/div>\n<\/blockquote>\n<div>\n<blockquote>\n<div><em>&#8221; Auch als blutiger Anf\u00e4nger f\u00fchle ich mich gut bei Dir aufgehoben.<br \/>\nMir gef\u00e4llt Deine humorvolle Art zu unterrichten und zu erz\u00e4hlen.<br \/>\nVorher bin ich oft ein wenig aufgekratzt \u2013 danach wunderbar entspannt und zugleich voller Energie.<br \/>\nDank Yoga achte ich jetzt besser auf meine (Bauch)Atmung (gerade in stressigen Situationen)<br \/>\nund kann dank Frau Shanti&#8217;s tollen \u201eTools\u201c (z.B. das Ei) mit anstrengenden Alltagssituationen<br \/>\nviel besser umgehen.&#8221;<br \/>\nDeine Anja, 40, M\u00fcnchen.<\/em><\/div>\n<\/blockquote>\n<\/div>\n<blockquote>\n<div>&#8220;Am besten finde ich, dass die Teilnehmerzahl nicht zu hoch ist und immer eine harmonische Gruppe entsteht; es sind immer sehr nette Menschen dabei!<br \/>\nGanz egal wie ich mich vor dem Unterricht f\u00fchle, nach dem Unterricht f\u00fchle ich mich jedes mal besser!<br \/>\nIch f\u00fchle mich neu justiert, wie wenn ich meine Mitte wieder finden w\u00fcrde<br \/>\nund sp\u00fcre wie meine Energie harmonisch durch mich hindurch fliesst; es ist ein tolles Gef\u00fchl!<br \/>\nAn Frau Shanti mag ich am allermeisten, dass sie authentisch ist.<br \/>\nSie unterrichtet nicht nur Yoga,- &#8221; <strong>sie ist YoGa<\/strong>&#8221;<br \/>\nIch liebe ihre Aura und die Energie die sie ausstrahlt!&#8221;<br \/>\nErgin, Fotograf, M\u00fcnchen<\/div>\n<\/blockquote>\n<div>\n<blockquote>\n<div><em>&#8221; Ich liebe den Wechsel von Meditation, Anspannung, Entspannung, Anstrengung und ganz besonders dieses v\u00f6llige &#8220;bei-sich-sein&#8221;.<br \/>\nDieses im Moment, im Augenblick sein ist das, was mich zufrieden aus dem Unterricht herausgehen l\u00e4sst,<br \/>\negal, wie anstrengend es f\u00fcr mich auch gewesen sein mag.<br \/>\nIch liebe die k\u00f6rperliche Ver\u00e4nderung, die das Yoga bei mir bewirkt,<br \/>\nich f\u00fchle mich stark, gerade, aufrecht und habe Muskeln an Stellen bekommen,<br \/>\ndie ich vorher an meinem K\u00f6rper gar nicht wahrgenommen habe.<br \/>\nIch bin selbstbewusster geworden!<br \/>\nUnd habe durch die Einstellung, allem etwas positives abzugewinnen und nicht an Dingen festzuhalten,<br \/>\ndie ich sowieso nicht \u00e4ndern kann z.B. auch vor einiger Zeit meine Flugangst \u00fcberwunden.<\/em><\/div>\n<div><em>Frau Shanti, Du&nbsp; bist eine wunderbare Yoga- Lehrerin, die ihre Sch\u00fcler mit all ihren St\u00e4rken und Schw\u00e4chen zu sch\u00e4tzen wei\u00df.<br \/>\nDie mir das Gef\u00fchl gibt, f\u00fcr mich da zu sein und auf mich aufzupassen.<br \/>\nNur durch das Vertrauen zu Dir kann ich Dinge im Yoga-Unterricht umsetzen, die ich mir vorher niemals zugetraut h\u00e4tte!<br \/>\nAllein die Anwesenheit Deiner unglaublich positiven Ausstrahlung, l\u00e4sst mich schon vor dem Unterricht ganz ruhig werden.<br \/>\nUnd f\u00fcr all diese positiven Ver\u00e4nderungen und Bereicherungen in meinem Leben m\u00f6chte ich dir gerne danke sagen, Frau Shanti! Namast\u00e9&#8221;<\/em><br \/>\n<em> Kinga, 29, M\u00fcnchen<\/em><\/div>\n<\/blockquote>\n<\/div>\n<div>\n<blockquote>\n<div>&#8220;Die Asanas in kleinen Gruppen und jede Woche ein anderes Thema- das gef\u00e4llt mir.<br \/>\nNach der Stunde bin ich erholt und entspannt wie nach einem Wellnessurlaub.<br \/>\nDie gute Vorbereitung auf jeden Kurs und Ihre Begeisterung f\u00fcr Yoga rei\u00dft einfach jeden mit.&#8221;<br \/>\n<em><em>Manu, M\u00fcnchen<\/em><\/em><em><br \/>\n<\/em><\/div>\n<\/blockquote>\n<blockquote>\n<div><em>&#8220;Mir tut das Yoga wirklich soo gut.<\/em><br \/>\n<em> Seit ich das mache, geht es mir echt besser.<\/em><br \/>\n<em> Vor allem im Kopf.<\/em><br \/>\n<em> Du machst das wirklich so liebevoll, gibst jedem noch ein gutes Gef\u00fchl (und ne T\u00fcte Chips) auf den Weg.&#8221;<\/em><br \/>\n<em> Lydia, M\u00fcnchen<\/p>\n<blockquote>\n<div><em>&#8220;Die Nadja ist eine bewundernswerte Pers\u00f6nlichkeit. Ich kenne sie schon als &#8220;Windel-Wonne-Proppen&#8221;!<br \/>\nIch habe auch ihr wunderbares Buch &gt;Achtsamkeit&lt; immer wieder zu einer Tasse Tee als Genuss.<br \/>\nEs w\u00fcrde sich lohhnen mal auf ihrer Homepage zu schauen, was es alles Enormes von ihr zu sehen gibt.<br \/>\nViel Freude w\u00fcnscht Euch&#8221;<br \/>\nHannelore, 62, Freiburg<em><br \/>\n<\/em><\/em><\/div>\n<p><em><br \/>\n<\/em><\/p><\/blockquote>\n<p><\/em><em><em><br \/>\n<\/em><\/em><\/p>\n<\/div>\n<\/blockquote>\n<\/div>\n","protected":false},"excerpt":{"rendered":"<p>Was Yoga-Teilnehmer\/innen \u00fcber Frau Shanti sagen: &#8220;Frau Shanti, Du bist mein Engel. &nbsp;Du schafft es, Angst und Stress gegen innere Ruhe und Zuversicht zu tauschen.&#8221; Anonym &#8220;Ist der Tag noch so stressig, nach einer Yoga- Stunde bei Dir f\u00fchle ich mich l\u00e4ssig. Jede Stunde ist eine Wohltat f\u00fcr K\u00f6rper, Geist und Seele.&#8221; Marc, 33, M\u00fcnchen &#8221; Der Unterricht ist die [&hellip;]<\/p>\n","protected":false},"author":1,"featured_media":0,"parent":31,"menu_order":0,"comment_status":"closed","ping_status":"open","template":"","meta":[],"_links":{"self":[{"href":"https:\/\/www.frau-shanti.de\/index.php?rest_route=\/wp\/v2\/pages\/902"}],"collection":[{"href":"https:\/\/www.frau-shanti.de\/index.php?rest_route=\/wp\/v2\/pages"}],"about":[{"href":"https:\/\/www.frau-shanti.de\/index.php?rest_route=\/wp\/v2\/types\/page"}],"author":[{"embeddable":true,"href":"https:\/\/www.frau-shanti.de\/index.php?rest_route=\/wp\/v2\/users\/1"}],"replies":[{"embeddable":true,"href":"https:\/\/www.frau-shanti.de\/index.php?rest_route=%2Fwp%2Fv2%2Fcomments&post=902"}],"version-history":[{"count":29,"href":"https:\/\/www.frau-shanti.de\/index.php?rest_route=\/wp\/v2\/pages\/902\/revisions"}],"predecessor-version":[{"id":3493,"href":"https:\/\/www.frau-shanti.de\/index.php?rest_route=\/wp\/v2\/pages\/902\/revisions\/3493"}],"up":[{"embeddable":true,"href":"https:\/\/www.frau-shanti.de\/index.php?rest_route=\/wp\/v2\/pages\/31"}],"wp:attachment":[{"href":"https:\/\/www.frau-shanti.de\/index.php?rest_route=%2Fwp%2Fv2%2Fmedia&parent=902"}],"curies":[{"name":"wp","href":"https:\/\/api.w.org\/{rel}","templated":true}]}}