{"id":92,"date":"2012-01-08T15:45:19","date_gmt":"2012-01-08T15:45:19","guid":{"rendered":"http:\/\/frau-shanti.de\/?page_id=92"},"modified":"2024-04-23T20:29:38","modified_gmt":"2024-04-23T19:29:38","slug":"meditation","status":"publish","type":"page","link":"https:\/\/www.frau-shanti.de\/?page_id=92","title":{"rendered":"Meditation"},"content":{"rendered":"<p><strong>Meditation<\/strong><\/p>\n<p>IN DER RUHE LIEGT DIE KRAFT.<\/p>\n<p>Bereits die Betrachtung einer Blume ist Meditation: wahrnehmen, achtsam sein, geschehen lassen, Frieden sp\u00fcren und von Frieden erf\u00fcllt sein.<\/p>\n<p>Meditation ebnet Dir den Weg zu mehr Entspannung, innerer Ruhe, geistiger Kraft, Zentrierung und Ausgeglichenheit. Pers\u00f6nliche St\u00e4rke und Mut sind ein weiteres Resultat.<\/p>\n<p>Jeder Mensch besitzt die F\u00e4higkeit zu innerem Frieden und Gelassenheit zu gelangen \u2013 dies f\u00fchrt wiederum zu mehr Harmonie mit sich und seiner Umwelt. Die Lebensqualit\u00e4t und Deine pers\u00f6nliche St\u00e4rke werden dadurch f\u00fchlbar gesteigert.<\/p>\n<p>Frau Shanti f\u00fchrt Dich behutsam und achtsam an das wundervolle Werkzeug Meditation heran und Du lernst Deinen Geist, durch stille und gef\u00fchrte Meditationen, zu beruhigen.<\/p>\n<p>Es sind keine Vorkenntnisse erforderlich und jeder Glaube ist herzlich willkommen.<\/p>\n<p>Freue Dich auf einen Ruhe-Raum, in dem Du liebevoll betreut wirst.<\/p>\n<p>Meditation ist Bestandteil jedes Angebotes von Frau Shanti.<br \/>\nGerne begleite ich dich auch in einer pers\u00f6nlichen 1:1 Session in deine innere Stille.<\/p>\n<p>Hier findest du Infos zur <a href=\"http:\/\/www.frau-shanti.de\/wp-admin\/post.php?post=982&amp;action=edit\">Personal Meditation.<\/a><\/p>\n<p>JE STILLER MAN WIRD, UMSO MEHR VERMAG MAN ZU H\u00d6REN. (Chinesische Weisheit).<\/p>\n","protected":false},"excerpt":{"rendered":"<p>Meditation IN DER RUHE LIEGT DIE KRAFT. Bereits die Betrachtung einer Blume ist Meditation: wahrnehmen, achtsam sein, geschehen lassen, Frieden sp\u00fcren und von Frieden erf\u00fcllt sein. Meditation ebnet Dir den Weg zu mehr Entspannung, innerer Ruhe, geistiger Kraft, Zentrierung und Ausgeglichenheit. Pers\u00f6nliche St\u00e4rke und Mut sind ein weiteres Resultat. Jeder Mensch besitzt die F\u00e4higkeit zu innerem Frieden und Gelassenheit zu [&hellip;]<\/p>\n","protected":false},"author":1,"featured_media":0,"parent":12,"menu_order":3,"comment_status":"open","ping_status":"open","template":"","meta":[],"_links":{"self":[{"href":"https:\/\/www.frau-shanti.de\/index.php?rest_route=\/wp\/v2\/pages\/92"}],"collection":[{"href":"https:\/\/www.frau-shanti.de\/index.php?rest_route=\/wp\/v2\/pages"}],"about":[{"href":"https:\/\/www.frau-shanti.de\/index.php?rest_route=\/wp\/v2\/types\/page"}],"author":[{"embeddable":true,"href":"https:\/\/www.frau-shanti.de\/index.php?rest_route=\/wp\/v2\/users\/1"}],"replies":[{"embeddable":true,"href":"https:\/\/www.frau-shanti.de\/index.php?rest_route=%2Fwp%2Fv2%2Fcomments&post=92"}],"version-history":[{"count":12,"href":"https:\/\/www.frau-shanti.de\/index.php?rest_route=\/wp\/v2\/pages\/92\/revisions"}],"predecessor-version":[{"id":3489,"href":"https:\/\/www.frau-shanti.de\/index.php?rest_route=\/wp\/v2\/pages\/92\/revisions\/3489"}],"up":[{"embeddable":true,"href":"https:\/\/www.frau-shanti.de\/index.php?rest_route=\/wp\/v2\/pages\/12"}],"wp:attachment":[{"href":"https:\/\/www.frau-shanti.de\/index.php?rest_route=%2Fwp%2Fv2%2Fmedia&parent=92"}],"curies":[{"name":"wp","href":"https:\/\/api.w.org\/{rel}","templated":true}]}}