{"id":932,"date":"2013-04-19T13:18:38","date_gmt":"2013-04-19T12:18:38","guid":{"rendered":"http:\/\/www.frau-shanti.de\/?page_id=932"},"modified":"2024-08-30T16:00:31","modified_gmt":"2024-08-30T15:00:31","slug":"erfahrungsweg","status":"publish","type":"page","link":"https:\/\/www.frau-shanti.de\/?page_id=932","title":{"rendered":"Erfahrungsweg"},"content":{"rendered":"<p>Mein Weg und meine Inspiration:<\/p>\n<ul>\n<li>2023-2024 Ayurveda Health Practicioner, Ausbildung bei <a href=\"https:\/\/ayurveda-freiburg.eu\/\">Sandra Gr\u00fcnes<\/a><\/li>\n<li>\u00e4rztl. gepr\u00fcfte Yogalehrerin (BDY), Ausbildung beim <a href=\"http:\/\/www.yoga-institut.de\/\" target=\"_blank\" rel=\"noopener\">Yoga-Institut M\u00fcnchen<\/a><\/li>\n<li>2013 &#8211; 2016 Yoga-Fortbildung &#8220;Philosophie&#8221; bei R. Sriram (Dauer 3 Jahre, UE 350)<\/li>\n<li>2016 Fortbildung &#8220;Yoga-Philosophie &amp; Pranayama&#8221; bei <strong><a href=\"http:\/\/kdham.com\/faculty\/\" target=\"_blank\" rel=\"noopener\">Dr. B. R. Sharma <\/a><\/strong><\/li>\n<li>2017-2019 Schamanische Praktikerin, Ausbildung bei <a href=\"http:\/\/www.schamanin.net\/joomla\/\">Barbara Gramlich<\/a><\/li>\n<li>Yoga-Fortbildung in Chennai Indien, KYM (Link with your body)<\/li>\n<li>zertifizierte Entspannungstrainerin<\/li>\n<li>Thai-Massage Therapist, Ausbildung in Chiang Mai, Thailand, bei <a href=\"http:\/\/www.art-of-thai-massage.com\/\" target=\"_blank\" rel=\"noopener\">The Fine Art of Thai Massage<\/a><\/li>\n<li>SIA- Ausbildung (Systemisch Integrale Arbeit)<\/li>\n<li>Reiki-Einweihung 1.Grad<\/li>\n<li>Autorin des Buches <a href=\"https:\/\/www.blv.de\/buchdetails\/titel\/978-3-8354-1317-7-achtsamkeit\/\" target=\"_blank\" rel=\"noopener\">Achtsamkeit &#8211; Bewusste Momente leben<\/a><\/li>\n<li>Aurorin des Buches <a href=\"https:\/\/www.blvverlag.de\/nadja-wetter\/sanfte-schlaf-gut-rituale-mit-frau-shanti.html\">Sanfte Schlaf-gut-Rituale mit Frau Shanti<\/a><\/li>\n<li>Yoga-Expertin f\u00fcr verschiedene Magazine (z.B. &#8220;Shape\u201c, &#8220;Freundin&#8221;, &#8220;Instyle&#8221;, &#8220;Maxi&#8221;&#8230;)<\/li>\n<li>Fortbildung &#8220;Klang &amp; Klangmassage&#8221; im <a href=\"http:\/\/obertonhaus.de\/\" target=\"_blank\" rel=\"noopener\">Obertonhaus<\/a> M\u00fcnchen<\/li>\n<li>Seminare, Weiterbildungen, Retreats bei namhaften Lehrern (wie z.Bsp. Bhola Banstola, David Lurey, Amrita Stein, Deepak Chopra, Dr.Roy Martina, Kerstin Linnartz etc.)<\/li>\n<\/ul>\n<p>Danken m\u00f6chte ich all meinen Lehrern, Meistern und Sch\u00fclern, welche mich in der Vergangenheit gepr\u00e4gt und geformt haben und mir t\u00e4glich neue Impulse und Inspirationen geben.<br \/>\nNahtoderfahrungen, Begegnungen mit Schamanen und Heilern sowie die Erfahrung weiser Menschen (wie z.Bsp. meiner geliebten Oma und meinem Patenkind)<br \/>\nhaben mir aufgezeigt, dass es im Leben nur eine einzige W\u00e4hrung gibt: die LIEBE.<br \/>\nAndere und sich sebst zu lieben ist das wertvollste Geschenk auf diesem Planeten.<\/p>\n<p>Danke auch an meine Mutter, dass sie mir diese M\u00f6glichkeit geschenkt hat.<br \/>\nUnd eine Herzens-Umarmung f\u00fcr alle meine Freunde, Familienmitglieder, meinen Mann und jedes<br \/>\ntierische und pflanzliche Lebewesen dieses Universums.<br \/>\nWir sind alle miteinander verbunden!<br \/>\nLasst uns gemeinsam lachen und jeden Tag mit innerem Frieden genie\u00dfen.<\/p>\n<p>OM SHANTI<\/p>\n","protected":false},"excerpt":{"rendered":"<p>Mein Weg und meine Inspiration: 2023-2024 Ayurveda Health Practicioner, Ausbildung bei Sandra Gr\u00fcnes \u00e4rztl. gepr\u00fcfte Yogalehrerin (BDY), Ausbildung beim Yoga-Institut M\u00fcnchen 2013 &#8211; 2016 Yoga-Fortbildung &#8220;Philosophie&#8221; bei R. Sriram (Dauer 3 Jahre, UE 350) 2016 Fortbildung &#8220;Yoga-Philosophie &amp; Pranayama&#8221; bei Dr. B. R. Sharma 2017-2019 Schamanische Praktikerin, Ausbildung bei Barbara Gramlich Yoga-Fortbildung in Chennai Indien, KYM (Link with your body) [&hellip;]<\/p>\n","protected":false},"author":1,"featured_media":0,"parent":31,"menu_order":0,"comment_status":"closed","ping_status":"open","template":"","meta":[],"_links":{"self":[{"href":"https:\/\/www.frau-shanti.de\/index.php?rest_route=\/wp\/v2\/pages\/932"}],"collection":[{"href":"https:\/\/www.frau-shanti.de\/index.php?rest_route=\/wp\/v2\/pages"}],"about":[{"href":"https:\/\/www.frau-shanti.de\/index.php?rest_route=\/wp\/v2\/types\/page"}],"author":[{"embeddable":true,"href":"https:\/\/www.frau-shanti.de\/index.php?rest_route=\/wp\/v2\/users\/1"}],"replies":[{"embeddable":true,"href":"https:\/\/www.frau-shanti.de\/index.php?rest_route=%2Fwp%2Fv2%2Fcomments&post=932"}],"version-history":[{"count":18,"href":"https:\/\/www.frau-shanti.de\/index.php?rest_route=\/wp\/v2\/pages\/932\/revisions"}],"predecessor-version":[{"id":3544,"href":"https:\/\/www.frau-shanti.de\/index.php?rest_route=\/wp\/v2\/pages\/932\/revisions\/3544"}],"up":[{"embeddable":true,"href":"https:\/\/www.frau-shanti.de\/index.php?rest_route=\/wp\/v2\/pages\/31"}],"wp:attachment":[{"href":"https:\/\/www.frau-shanti.de\/index.php?rest_route=%2Fwp%2Fv2%2Fmedia&parent=932"}],"curies":[{"name":"wp","href":"https:\/\/api.w.org\/{rel}","templated":true}]}}