{"id":95,"date":"2012-01-08T15:45:55","date_gmt":"2012-01-08T15:45:55","guid":{"rendered":"http:\/\/frau-shanti.de\/?page_id=95"},"modified":"2014-11-07T15:36:55","modified_gmt":"2014-11-07T14:36:55","slug":"entspannung","status":"publish","type":"page","link":"https:\/\/www.frau-shanti.de\/?page_id=95","title":{"rendered":"Entspannung"},"content":{"rendered":"<p>&nbsp;<\/p>\n<p><strong>Tiefenentspannung<\/strong><\/p>\n<p>\u00dcberlastung, Stress und \u00dcberforderung f\u00fchren h\u00e4ufig zur Einschr\u00e4nkung unseres Wohlbefindens. Wie f\u00fchlen uns nicht mehr wohl in unserer Haut.<br \/>\nK\u00f6rper &amp; Geist sind nicht mehr in Balance. Und der K\u00f6rper &#8220;streikt&#8221; oft in Form von Beschwerden oder gar chronischen Erkrankungen.<\/p>\n<p>Die Tiefenentspannung erm\u00f6glicht eine Hinwendung zu tiefer k\u00f6rperlicher und geistiger Entspannung,<br \/>\nsowie zu einer dadurch erzielten \u00d6ffnung des Unterbewusstseins.<\/p>\n<p>Es gibt viele verschiedene Entspannungs-Verfahren wie z.B. die Fantasiereise, autogenes Training, Entspannung \u00fcber das F\u00fchlen, Yoga-Nitra (Schlaf des Yogis) oder auch progressive Muskelentspannung. Die passende Art der Entspannung wird gemeinsam mit Dir erarbeitet.<\/p>\n<p>Mit Tiefenentspanungstechniken kannst Du einen Burn-Out vorbeugen oder lernen mit stressigen Lebensphasen besser umgehen zu k\u00f6nnen.<br \/>\nDie verschieden Entspannungs-Arten sind f\u00fcr jeden erlernbar und bed\u00fcrfen keinerlei k\u00f6rperlicher Voraussetzungen oder r\u00e4umlicher Bedingungen.<\/p>\n<p>Und das Sch\u00f6ne daran: Zwanzig Minuten Tiefenentspannung entsprechen in etwa vier Stunden Schlaf.<\/p>\n<p>Kurse in Meditation und Entspannungstechniken findest Du hier oder gerne auf Anfrage: <a href=\"http:\/\/www.frau-shanti.de\/?page_id=988\" target=\"_blank\">Meditation &amp; mehr <\/a><\/p>\n","protected":false},"excerpt":{"rendered":"<p>&nbsp; Tiefenentspannung \u00dcberlastung, Stress und \u00dcberforderung f\u00fchren h\u00e4ufig zur Einschr\u00e4nkung unseres Wohlbefindens. Wie f\u00fchlen uns nicht mehr wohl in unserer Haut. K\u00f6rper &amp; Geist sind nicht mehr in Balance. Und der K\u00f6rper &#8220;streikt&#8221; oft in Form von Beschwerden oder gar chronischen Erkrankungen. Die Tiefenentspannung erm\u00f6glicht eine Hinwendung zu tiefer k\u00f6rperlicher und geistiger Entspannung, sowie zu einer dadurch erzielten \u00d6ffnung des [&hellip;]<\/p>\n","protected":false},"author":1,"featured_media":0,"parent":12,"menu_order":2,"comment_status":"open","ping_status":"open","template":"","meta":[],"_links":{"self":[{"href":"https:\/\/www.frau-shanti.de\/index.php?rest_route=\/wp\/v2\/pages\/95"}],"collection":[{"href":"https:\/\/www.frau-shanti.de\/index.php?rest_route=\/wp\/v2\/pages"}],"about":[{"href":"https:\/\/www.frau-shanti.de\/index.php?rest_route=\/wp\/v2\/types\/page"}],"author":[{"embeddable":true,"href":"https:\/\/www.frau-shanti.de\/index.php?rest_route=\/wp\/v2\/users\/1"}],"replies":[{"embeddable":true,"href":"https:\/\/www.frau-shanti.de\/index.php?rest_route=%2Fwp%2Fv2%2Fcomments&post=95"}],"version-history":[{"count":8,"href":"https:\/\/www.frau-shanti.de\/index.php?rest_route=\/wp\/v2\/pages\/95\/revisions"}],"predecessor-version":[{"id":1344,"href":"https:\/\/www.frau-shanti.de\/index.php?rest_route=\/wp\/v2\/pages\/95\/revisions\/1344"}],"up":[{"embeddable":true,"href":"https:\/\/www.frau-shanti.de\/index.php?rest_route=\/wp\/v2\/pages\/12"}],"wp:attachment":[{"href":"https:\/\/www.frau-shanti.de\/index.php?rest_route=%2Fwp%2Fv2%2Fmedia&parent=95"}],"curies":[{"name":"wp","href":"https:\/\/api.w.org\/{rel}","templated":true}]}}