{"id":980,"date":"2013-06-12T14:07:58","date_gmt":"2013-06-12T13:07:58","guid":{"rendered":"http:\/\/www.frau-shanti.de\/?page_id=980"},"modified":"2025-11-26T15:16:05","modified_gmt":"2025-11-26T14:16:05","slug":"gruppenunterricht","status":"publish","type":"page","link":"https:\/\/www.frau-shanti.de\/?page_id=980","title":{"rendered":"Gruppenunterricht"},"content":{"rendered":"\n<p><\/p>\n\n\n\n<p>Mit Yoga kannst du dir bewusst Zeit nehmen, um zu entspannen, deinen Geist zu beruhigen sowie dich pers\u00f6nlich weiterzuentwickeln.<br>Das gem\u00fctliche Yogastudio l\u00e4dt dich zum Innehalten und Sp\u00fcren ein.<strong> Komm herein!<\/strong><\/p>\n\n\n\n<p class=\"has-black-color has-white-background-color has-text-color has-background\"><span style=\"color:#d41678\" class=\"has-inline-color\">NEUE KURSSTARTS<\/span> <\/p>\n\n\n\n<p><\/p>\n\n\n\n<p><strong>KURSSTART <\/strong>DEZEMBER 2025<br><\/p>\n\n\n\n<p>DIENSTAGS :: Start:<span class=\"has-inline-color has-vivid-red-color\"> <\/span><strong>2. Dezember 2025<br>Wake-up Yoga mit Nadja<\/strong><br><strong>09.30 \u2013 10.45 Uhr<\/strong><br>10 Termine I 150 \u20ac (Feiertage und Ferien frei)<br>Diese Morgenpraxis vereint Yin &amp; Yang. Zuerst bringen wir mit einem dynamischen Flow<br>den Kreislauf und Stoffwechsel in Schwung, um anschlie\u00dfend zu dehnen und zu kr\u00e4ftigen.<br>Entspannung und Nachsp\u00fcren runden diese Praxis ab. Wohlbefinden pur.<br><em>Anmeldun<\/em>g: info@frau-shanti.de oder 0170.9666416<br><br>__<br><br>MITTWOCHS :: Start: <strong>3. Dezember 2025<br>Wake-up Yoga mit Nadja<br>09.30 \u2013 10.45 Uhr<\/strong><br>10 Termine I 150 \u20ac (Feiertage und Ferien frei)<\/p>\n\n\n\n<p><\/p>\n\n\n\n<p>__<\/p>\n\n\n\n<p><\/p>\n\n\n\n<p>DONNERSTAGS :: Start: <strong>4. Dezember 2025<br>Wake-up Yoga mit Nadja<br>09.30 \u2013 10.45 Uhr<\/strong><br>10 Termine I 150 \u20ac (Ferien frei)<\/p>\n\n\n\n<p><\/p>\n\n\n\n<p><br><\/p>\n\n\n\n<p><br>________________________________________________<strong><br><\/strong><\/p>\n\n\n\n<p><\/p>\n\n\n<div class=\"o9v6fnle cxmmr5t8 oygrvhab hcukyx3x c1et5uql ii04i59q\">\n<div dir=\"auto\">\n<p>Einzelunterricht, ganz nach deinen Bed\u00fcrfnissen &amp; deinem Befinden.<br>Mehr Infos dazu findest du <a href=\"https:\/\/www.frau-shanti.de\/?page_id=982\">hier<\/a><\/p>\n<\/div>\n<p>Eher Lust auf Online-Yoga?<br data-rich-text-line-break=\"true\"><a href=\"https:\/\/www.frau-shanti.de\/?page_id=2343\" target=\"_blank\" rel=\"noopener\">Hier<\/a> erf\u00e4hrst du mehr \u00fcber alle Online-Kurse<\/p>\n<\/div>\n<div class=\"o9v6fnle cxmmr5t8 oygrvhab hcukyx3x c1et5uql ii04i59q\">\n<div dir=\"auto\">&nbsp;<\/div>\n<\/div>\n<div class=\"o9v6fnle cxmmr5t8 oygrvhab hcukyx3x c1et5uql ii04i59q\">\n<div dir=\"auto\">&nbsp;<\/div>\n<\/div>\n<p><span style=\"color: #cc33cc;\">&nbsp;<\/span><\/p>\n\n\n<p><\/p>\n","protected":false},"excerpt":{"rendered":"<p>Mit Yoga kannst du dir bewusst Zeit nehmen, um zu entspannen, deinen Geist zu beruhigen sowie dich pers\u00f6nlich weiterzuentwickeln.Das gem\u00fctliche Yogastudio l\u00e4dt dich zum Innehalten und Sp\u00fcren ein. Komm herein! NEUE KURSSTARTS KURSSTART DEZEMBER 2025 DIENSTAGS :: Start: 2. Dezember 2025Wake-up Yoga mit Nadja09.30 \u2013 10.45 Uhr10 Termine I 150 \u20ac (Feiertage und Ferien frei)Diese Morgenpraxis vereint Yin &amp; Yang. [&hellip;]<\/p>\n","protected":false},"author":1,"featured_media":0,"parent":977,"menu_order":1,"comment_status":"open","ping_status":"open","template":"","meta":[],"_links":{"self":[{"href":"https:\/\/www.frau-shanti.de\/index.php?rest_route=\/wp\/v2\/pages\/980"}],"collection":[{"href":"https:\/\/www.frau-shanti.de\/index.php?rest_route=\/wp\/v2\/pages"}],"about":[{"href":"https:\/\/www.frau-shanti.de\/index.php?rest_route=\/wp\/v2\/types\/page"}],"author":[{"embeddable":true,"href":"https:\/\/www.frau-shanti.de\/index.php?rest_route=\/wp\/v2\/users\/1"}],"replies":[{"embeddable":true,"href":"https:\/\/www.frau-shanti.de\/index.php?rest_route=%2Fwp%2Fv2%2Fcomments&post=980"}],"version-history":[{"count":164,"href":"https:\/\/www.frau-shanti.de\/index.php?rest_route=\/wp\/v2\/pages\/980\/revisions"}],"predecessor-version":[{"id":3756,"href":"https:\/\/www.frau-shanti.de\/index.php?rest_route=\/wp\/v2\/pages\/980\/revisions\/3756"}],"up":[{"embeddable":true,"href":"https:\/\/www.frau-shanti.de\/index.php?rest_route=\/wp\/v2\/pages\/977"}],"wp:attachment":[{"href":"https:\/\/www.frau-shanti.de\/index.php?rest_route=%2Fwp%2Fv2%2Fmedia&parent=980"}],"curies":[{"name":"wp","href":"https:\/\/api.w.org\/{rel}","templated":true}]}}