{"id":982,"date":"2013-06-12T14:08:28","date_gmt":"2013-06-12T13:08:28","guid":{"rendered":"http:\/\/www.frau-shanti.de\/?page_id=982"},"modified":"2024-05-28T16:52:04","modified_gmt":"2024-05-28T15:52:04","slug":"personal-training","status":"publish","type":"page","link":"https:\/\/www.frau-shanti.de\/?page_id=982","title":{"rendered":"Personal Training"},"content":{"rendered":"<h3><span style=\"color: #ff00ff;\"><strong>Einzelunterricht bei FRAU SHANTI in Merdingen (bei Freiburg)<br \/>\noder virtuell via Zoom<br \/>\n<\/strong><\/span><\/h3>\n<p>Personal Yoga &amp; Personal Meditation.<br \/>\nRaum f\u00fcr dich, deine Fragen und dein pers\u00f6nliches Wachstum.<br \/>\nEine individuelle Yoga- oder Meditations-Stunde, die ganz deinen<br \/>\nBed\u00fcrfnissen angepasst wird.<br \/>\n<strong>Mit pers\u00f6nlichem \u00dcbungsplan f\u00fcr zu Hause. (bei Bedarf)<br \/>\n<\/strong><\/p>\n<p>60 Minuten: 80,-\u20ac<br \/>\n90 Minuten: 115,-\u20ac<\/p>\n<p>Paket-Preis:<br \/>\n3 x 60 Minuten: 215,-\u20ac<br \/>\n3 x 90 Minuten: 310,-\u20ac<\/p>\n<p>plus 10,-\u20ac f\u00fcr eine weitere Person.<\/p>\n<p>Anmeldung &amp; Terminvereinbarung&nbsp; unter <a href=\"mailto:info@frau-shanti.de\" target=\"_blank\" rel=\"noopener noreferrer\"> info@frau-shanti.de<\/a><\/p>\n<p>**************************************************************<\/p>\n<h3><strong><span style=\"color: #ff00ff;\">Einzelunterricht bei Dir zu Hause\/im B\u00fcro<\/span><\/strong><\/h3>\n<p>60 Minuten: 90,-\u20ac<br \/>\n90 Minuten: 125,-\u20ac<\/p>\n<p>Paket-Preis:<br \/>\n3 x 60 Minuten: 240,-\u20ac<br \/>\n3 x 90 Minuten: 335,-\u20ac<\/p>\n<p>plus 10,-\u20ac f\u00fcr eine weitere Person.<\/p>\n<p>Anmeldung &amp; Terminvereinbarung&nbsp; unter <a href=\"mailto:info@frau-shanti.de\" target=\"_blank\" rel=\"noopener noreferrer\"> info@frau-shanti.de<\/a><\/p>\n<p>**************************************************************<\/p>\n<h3><span style=\"color: #ff00ff;\"><strong>Personal Training for LOVERS &amp; FRIENDS<br \/>\n<\/strong><\/span><\/h3>\n<h3><strong>&#8211; auch virtuell via Zoom\/Skype m\u00f6glich &#8211;<\/strong><\/h3>\n<p>Einzelunterricht<br \/>\nf\u00fcr Paare, Freunde, Familie, Arbeitskollegen&#8230;.ganz nach eurem Geschmack.<br \/>\nAuch buchbar als Freundinnen-Tag, Junggesell\/innenabschied, Geburtstagshighlight.<\/p>\n<p>Gerne bei Dir zu Hause, in der Firma oder bei FRAU SHANTI in Merdingen.<\/p>\n<p>Friends-Preis 100,- \u20ac (60 Min). 3-5 Personen<br \/>\nFriends-Preis 135,- \u20ac (90 Min.) 3-5 Personen<\/p>\n<p>Bei Gruppen ab 6 Personen gelten Preise nach Absprache.<\/p>\n<p><span style=\"color: #cc33cc;\"><span style=\"color: #000000;\">Anmeldung &amp; Terminvereinbarung&nbsp; unter<\/span> <a href=\"mailto:info@frau-shanti.de\" target=\"_blank\" rel=\"noopener noreferrer\"> info@frau-shanti.de<\/a><\/span><\/p>\n<p>Die Honorare sind g\u00fcltig bei Terminen in Merdingen.<br \/>\nAu\u00dferhalb von Merdingen gelten die Preise zzgl. einer Anfahrtspauschale.<\/p>\n<h5><span style=\"color: #cc33cc;\">!! !! Kostenfreie Absage bis 24h vorher m\u00f6glich, danach werden 50% in Rechnung gestellt !!<br \/>\n<\/span><\/h5>\n","protected":false},"excerpt":{"rendered":"<p>Einzelunterricht bei FRAU SHANTI in Merdingen (bei Freiburg) oder virtuell via Zoom Personal Yoga &amp; Personal Meditation. Raum f\u00fcr dich, deine Fragen und dein pers\u00f6nliches Wachstum. Eine individuelle Yoga- oder Meditations-Stunde, die ganz deinen Bed\u00fcrfnissen angepasst wird. Mit pers\u00f6nlichem \u00dcbungsplan f\u00fcr zu Hause. (bei Bedarf) 60 Minuten: 80,-\u20ac 90 Minuten: 115,-\u20ac Paket-Preis: 3 x 60 Minuten: 215,-\u20ac 3 x 90 [&hellip;]<\/p>\n","protected":false},"author":1,"featured_media":0,"parent":977,"menu_order":1,"comment_status":"closed","ping_status":"open","template":"","meta":[],"_links":{"self":[{"href":"https:\/\/www.frau-shanti.de\/index.php?rest_route=\/wp\/v2\/pages\/982"}],"collection":[{"href":"https:\/\/www.frau-shanti.de\/index.php?rest_route=\/wp\/v2\/pages"}],"about":[{"href":"https:\/\/www.frau-shanti.de\/index.php?rest_route=\/wp\/v2\/types\/page"}],"author":[{"embeddable":true,"href":"https:\/\/www.frau-shanti.de\/index.php?rest_route=\/wp\/v2\/users\/1"}],"replies":[{"embeddable":true,"href":"https:\/\/www.frau-shanti.de\/index.php?rest_route=%2Fwp%2Fv2%2Fcomments&post=982"}],"version-history":[{"count":38,"href":"https:\/\/www.frau-shanti.de\/index.php?rest_route=\/wp\/v2\/pages\/982\/revisions"}],"predecessor-version":[{"id":3423,"href":"https:\/\/www.frau-shanti.de\/index.php?rest_route=\/wp\/v2\/pages\/982\/revisions\/3423"}],"up":[{"embeddable":true,"href":"https:\/\/www.frau-shanti.de\/index.php?rest_route=\/wp\/v2\/pages\/977"}],"wp:attachment":[{"href":"https:\/\/www.frau-shanti.de\/index.php?rest_route=%2Fwp%2Fv2%2Fmedia&parent=982"}],"curies":[{"name":"wp","href":"https:\/\/api.w.org\/{rel}","templated":true}]}}